{"id":40,"date":"2024-03-27T23:50:59","date_gmt":"2024-03-27T23:50:59","guid":{"rendered":"https:\/\/energypointmva.mx\/?page_id=40"},"modified":"2024-04-10T18:18:35","modified_gmt":"2024-04-10T18:18:35","slug":"contactanos","status":"publish","type":"page","link":"https:\/\/energypointmva.mx\/index.php\/contactanos\/","title":{"rendered":"Cont\u00e1ctanos"},"content":{"rendered":"\n<div class=\"wp-block-cover alignfull is-light\" style=\"margin-top:0;margin-bottom:0;padding-top:24px;padding-right:24px;padding-bottom:24px;padding-left:24px;min-height:50vh;aspect-ratio:unset;\"><span aria-hidden=\"true\" class=\"wp-block-cover__background has-black-background-color has-background-dim\"><\/span><img loading=\"lazy\" decoding=\"async\" width=\"6000\" height=\"4000\" class=\"wp-block-cover__image-background wp-image-152\" alt=\"\" src=\"https:\/\/energypointmva.mx\/wp-content\/uploads\/2024\/04\/EP1.png\" data-object-fit=\"cover\" srcset=\"https:\/\/energypointmva.mx\/wp-content\/uploads\/2024\/04\/EP1.png 6000w, https:\/\/energypointmva.mx\/wp-content\/uploads\/2024\/04\/EP1-300x200.png 300w, https:\/\/energypointmva.mx\/wp-content\/uploads\/2024\/04\/EP1-1024x683.png 1024w, https:\/\/energypointmva.mx\/wp-content\/uploads\/2024\/04\/EP1-768x512.png 768w, https:\/\/energypointmva.mx\/wp-content\/uploads\/2024\/04\/EP1-1536x1024.png 1536w, https:\/\/energypointmva.mx\/wp-content\/uploads\/2024\/04\/EP1-2048x1365.png 2048w, https:\/\/energypointmva.mx\/wp-content\/uploads\/2024\/04\/EP1-360x240.png 360w\" sizes=\"auto, (max-width: 6000px) 100vw, 6000px\" \/><div class=\"wp-block-cover__inner-container is-layout-flow wp-block-cover-is-layout-flow\">\n<div class=\"wp-block-columns is-layout-flex wp-container-core-columns-is-layout-28f84493 wp-block-columns-is-layout-flex\">\n<div class=\"wp-block-column is-layout-flow wp-block-column-is-layout-flow\" style=\"flex-basis:20%\"><\/div>\n\n\n\n<div class=\"wp-block-column is-layout-flow wp-block-column-is-layout-flow\" style=\"flex-basis:60%\">\n<h2 class=\"wp-block-heading alignwide has-text-align-center has-white-color has-text-color has-link-color has-x-large-font-size wp-elements-9f92b8e458022128a753bc9510a88545\">\u00a1<mark style=\"background-color:rgba(0, 0, 0, 0)\" class=\"has-inline-color has-white-color\">Queremos ayudarte!<\/mark><\/h2>\n\n\n\n<p class=\"has-text-align-center\"><mark style=\"background-color:rgba(0, 0, 0, 0)\" class=\"has-inline-color has-white-color\">Nuestros expertos est\u00e1n listos para resolver cualquier duda respecto a nuestros servicios<\/mark><\/p>\n\n\n\n<div class=\"wp-block-buttons is-content-justification-center is-layout-flex wp-container-core-buttons-is-layout-a89b3969 wp-block-buttons-is-layout-flex\">\n<div class=\"wp-block-button\"><a class=\"wp-block-button__link has-white-color has-accent-background-color has-text-color has-background wp-element-button\" href=\"https:\/\/wa.me\/528661002066\">Contacta a un asesor<\/a><\/div>\n<\/div>\n<\/div>\n\n\n\n<div class=\"wp-block-column is-layout-flow wp-block-column-is-layout-flow\" style=\"flex-basis:20%\"><\/div>\n<\/div>\n<\/div><\/div>\n\n\n\n<div style=\"height:41px\" aria-hidden=\"true\" class=\"wp-block-spacer\"><\/div>\n\n\n\n<div class=\"wp-block-columns alignwide is-layout-flex wp-container-core-columns-is-layout-28f84493 wp-block-columns-is-layout-flex\">\n<div class=\"wp-block-column is-layout-flow wp-block-column-is-layout-flow\" style=\"flex-basis:66.66%\">\n<div class=\"wp-block-group is-content-justification-center is-nowrap is-layout-flex wp-container-core-group-is-layout-23441af8 wp-block-group-is-layout-flex\"><div class=\"wp-block-image\">\n<figure class=\"aligncenter size-full is-resized\"><img loading=\"lazy\" decoding=\"async\" width=\"600\" height=\"338\" src=\"https:\/\/energypointmva.mx\/wp-content\/uploads\/2024\/04\/UBICACION-ENERGY-edited-2.png\" alt=\"\" class=\"wp-image-193\" style=\"width:544px;height:auto\" srcset=\"https:\/\/energypointmva.mx\/wp-content\/uploads\/2024\/04\/UBICACION-ENERGY-edited-2.png 600w, https:\/\/energypointmva.mx\/wp-content\/uploads\/2024\/04\/UBICACION-ENERGY-edited-2-300x169.png 300w\" sizes=\"auto, (max-width: 600px) 100vw, 600px\" \/><\/figure>\n<\/div><\/div>\n<\/div>\n\n\n\n<div class=\"wp-block-column is-layout-flow wp-block-column-is-layout-flow\" style=\"flex-basis:33.33%\">\n<div class=\"wp-block-group is-nowrap is-layout-flex wp-container-core-group-is-layout-6c531013 wp-block-group-is-layout-flex\">\n<hr class=\"wp-block-separator has-alpha-channel-opacity\"\/>\n\n\n\n<h2 class=\"wp-block-heading\">Vis\u00edtanos:<\/h2>\n<\/div>\n\n\n\n<div class=\"wp-block-group is-nowrap is-layout-flex wp-container-core-group-is-layout-6c531013 wp-block-group-is-layout-flex\">\n<hr class=\"wp-block-separator has-alpha-channel-opacity\"\/>\n\n\n\n<p>Lib. Carlos Salinas de Gortari Km 11. #600 Col. Occidental 25640 Frontera, Coahuila de Zaragoza, M\u00e9xico.<\/p>\n<\/div>\n\n\n\n<div class=\"wp-block-buttons is-layout-flex wp-block-buttons-is-layout-flex\">\n<div class=\"wp-block-button is-style-fill\"><a class=\"wp-block-button__link wp-element-button\" href=\"https:\/\/maps.app.goo.gl\/vvkCZX5bQdz33gzm6\" target=\"_blank\" rel=\"noreferrer noopener\">Ver en Mapas<\/a><\/div>\n<\/div>\n<\/div>\n<\/div>\n\n\n\n<div style=\"height:14px;width:59px\" aria-hidden=\"true\" class=\"wp-block-spacer\"><\/div>\n\n\n\n<hr class=\"wp-block-separator has-alpha-channel-opacity is-style-wide\"\/>\n\n\n\n<div class=\"wp-block-cover alignfull has-parallax is-repeated\" style=\"min-height:208px;aspect-ratio:unset;\"><span aria-hidden=\"true\" class=\"wp-block-cover__background has-background-dim-40 has-background-dim\"><\/span><div class=\"wp-block-cover__image-background wp-image-181 has-parallax is-repeated\" style=\"background-position:46% 64%;background-image:url(https:\/\/energypointmva.mx\/wp-content\/uploads\/2024\/04\/DSC_4685.png)\"><\/div><div class=\"wp-block-cover__inner-container is-layout-constrained wp-block-cover-is-layout-constrained\">\n<p class=\"has-text-align-center\" style=\"font-size:59px\"><strong><mark style=\"background-color:rgba(0, 0, 0, 0)\" class=\"has-inline-color has-white-color\">Preguntas Frecuentes<\/mark><\/strong><\/p>\n<\/div><\/div>\n\n\n\n<div style=\"height:100px\" aria-hidden=\"true\" class=\"wp-block-spacer\"><\/div>\n\n\n\n<details class=\"wp-block-details is-layout-flow wp-block-details-is-layout-flow\"><summary><strong>\u00bfC\u00f3mo funcionan los paneles solares?<\/strong><\/summary>\n<p>Los paneles solares convierten la luz solar en electricidad a trav\u00e9s del efecto fotovoltaico. Cuando la luz solar golpea las c\u00e9lulas fotovoltaicas en los paneles, los electrones en el material semiconductor se liberan, creando corriente el\u00e9ctrica.<\/p>\n<\/details>\n\n\n\n<div style=\"height:3px\" aria-hidden=\"true\" class=\"wp-block-spacer\"><\/div>\n\n\n\n<details class=\"wp-block-details is-layout-flow wp-block-details-is-layout-flow\"><summary><strong><strong>\u00bfCu\u00e1l es la vida \u00fatil de los paneles solares?<\/strong><\/strong><\/summary>\n<p>La vida \u00fatil t\u00edpica de los paneles solares es de al menos 25 a\u00f1os, pero muchos paneles pueden durar mucho m\u00e1s tiempo. Por lo general, los fabricantes ofrecen garant\u00edas de rendimiento que cubren un per\u00edodo de 25 a 30 a\u00f1os.<\/p>\n<\/details>\n\n\n\n<div style=\"height:3px\" aria-hidden=\"true\" class=\"wp-block-spacer\"><\/div>\n\n\n\n<details class=\"wp-block-details is-layout-flow wp-block-details-is-layout-flow\"><summary><strong><strong><strong>\u00bfQu\u00e9 mantenimiento requieren los paneles solares?<\/strong><\/strong><\/strong><\/summary>\n<p>Generalmente requieren poco mantenimiento. Se recomienda limpiarlos peri\u00f3dicamente para eliminar la suciedad y los escombros que puedan reducir la eficiencia. Adem\u00e1s, es importante realizar inspecciones regulares para detectar posibles problemas.<\/p>\n<\/details>\n\n\n\n<div style=\"height:3px\" aria-hidden=\"true\" class=\"wp-block-spacer\"><\/div>\n\n\n\n<details class=\"wp-block-details is-layout-flow wp-block-details-is-layout-flow\"><summary><strong>\u00bfCu\u00e1nto tiempo dura la instalaci\u00f3n de paneles solares?<\/strong><\/summary>\n<p>La duraci\u00f3n de la instalaci\u00f3n depende del tama\u00f1o y la complejidad del sistema, as\u00ed como de la cantidad de paneles a instalar.<\/p>\n<\/details>\n\n\n\n<div style=\"height:49px\" aria-hidden=\"true\" class=\"wp-block-spacer\"><\/div>\n\n\n\n<!--more-->\n\n\n\n<details class=\"wp-block-details is-layout-flow wp-block-details-is-layout-flow\" style=\"font-style:normal;font-weight:500\"><summary>\u00bfQu\u00e9 pasa con los paneles solares cuando no hay sol?<\/summary>\n<p style=\"font-style:normal;font-weight:400\">Para responder a esta pregunta hay que definir claramente a qu\u00e9 nos referimos al decir \u201cno hay sol\u201d. Es evidente que de noche un panel solar no va a producir energ\u00eda, pero \u00bfQu\u00e9 ocurre los d\u00edas nublados y de mal tiempo?<\/p>\n\n\n\n<p style=\"font-style:normal;font-weight:400\">Esos d\u00edas&nbsp;<strong>los paneles solares tambi\u00e9n producen electricidad<\/strong>. Los paneles pueden recoger la luz difusa del ambiente y transformarla en electricidad. Por supuesto, la producci\u00f3n no ser\u00e1 la misma que un d\u00eda totalmente despejado, pero aun as\u00ed podr\u00e1s generar electricidad con tus placas solares.<\/p>\n<\/details>\n\n\n\n<div style=\"height:11px\" aria-hidden=\"true\" class=\"wp-block-spacer\"><\/div>\n\n\n\n<details class=\"wp-block-details is-layout-flow wp-block-details-is-layout-flow\" style=\"font-style:normal;font-weight:500\"><summary>\u00bfCu\u00e1l es la eficiencia de un panel solar?<\/summary>\n<p style=\"font-style:normal;font-weight:400\">En la pr\u00e1ctica, la eficiencia de la instalaci\u00f3n depende de muchos factores, no solo de la eficiencia de los paneles. Hay que tener en cuenta el tipo de panel (si es monocristalino o policristalino), la orientaci\u00f3n y la exposici\u00f3n media al sol, la limpieza o suciedad que puedan tener las placas solares, etc.<\/p>\n<\/details>\n\n\n\n<div style=\"height:13px\" aria-hidden=\"true\" class=\"wp-block-spacer\"><\/div>\n\n\n\n<details class=\"wp-block-details is-layout-flow wp-block-details-is-layout-flow\" style=\"font-style:normal;font-weight:500\"><summary>\u00bfQu\u00e9 requisitos necesito para instalar paneles solares en casa?<\/summary>\n<p>Los requisitos para instalar paneles solares var\u00edan dependiendo del tipo de instalaci\u00f3n:<\/p>\n\n\n\n<ul class=\"wp-block-list\">\n<li style=\"font-style:normal;font-weight:400\">Dise\u00f1o de la instalaci\u00f3n por parte de una empresa especializada en fotovoltaica.<\/li>\n\n\n\n<li style=\"font-style:normal;font-weight:400\">Permiso de acceso y conexi\u00f3n si se realiza fuera del suelo urbano o cuando exceden los 15kW.<\/li>\n\n\n\n<li style=\"font-style:normal;font-weight:400\">Licencia de obra e impuestos. En muchos casos \u00fanicamente ser\u00e1 necesario avisar al ayuntamiento correspondiente, sobre todo si se trata de instalaciones de baja potencia.<\/li>\n\n\n\n<li style=\"font-style:normal;font-weight:400\">Autorizaci\u00f3n administrativa previa y de construcci\u00f3n. Es obligatoria para instalaciones fotovoltaicas sobre todo si son grandes.<\/li>\n<\/ul>\n<\/details>\n\n\n\n<div style=\"height:9px\" aria-hidden=\"true\" class=\"wp-block-spacer\"><\/div>\n\n\n\n<details class=\"wp-block-details is-layout-flow wp-block-details-is-layout-flow\" style=\"font-style:normal;font-weight:500\"><summary>\u00bfC\u00f3mo calculo cu\u00e1ntos paneles solares necesito?<\/summary>\n<p style=\"font-style:normal;font-weight:400\">Esta es otra de las preguntas que m\u00e1s nos hacen. Para calcular cu\u00e1ntos paneles necesitas para tu vivienda hay que conocer varios datos: el&nbsp;<strong>consumo energ\u00e9tico<\/strong>&nbsp;de tu vivienda, la&nbsp;<strong>superficie<\/strong>&nbsp;que tienes para colocar paneles, el tipo de&nbsp;<strong>uso<\/strong>&nbsp;que vas a hacer de tu vivienda (por ejemplo, si es vacacional o primera vivienda) y la&nbsp;<strong>localizaci\u00f3n geogr\u00e1fica<\/strong>. Con esta informaci\u00f3n y con ayuda de una calculadora puedes saber cu\u00e1ntos paneles solares necesitas.<\/p>\n<\/details>\n\n\n\n<div style=\"height:75px\" aria-hidden=\"true\" class=\"wp-block-spacer\"><\/div>\n","protected":false},"excerpt":{"rendered":"<p>Vis\u00edtanos: Lib. Carlos Salinas de Gortari Km 11. #600 Col. Occidental 25640 Frontera, Coahuila de Zaragoza, M\u00e9xico.<\/p>\n","protected":false},"author":1,"featured_media":0,"parent":0,"menu_order":0,"comment_status":"closed","ping_status":"closed","template":"","meta":{"footnotes":""},"class_list":["post-40","page","type-page","status-publish","hentry"],"_links":{"self":[{"href":"https:\/\/energypointmva.mx\/index.php\/wp-json\/wp\/v2\/pages\/40","targetHints":{"allow":["GET"]}}],"collection":[{"href":"https:\/\/energypointmva.mx\/index.php\/wp-json\/wp\/v2\/pages"}],"about":[{"href":"https:\/\/energypointmva.mx\/index.php\/wp-json\/wp\/v2\/types\/page"}],"author":[{"embeddable":true,"href":"https:\/\/energypointmva.mx\/index.php\/wp-json\/wp\/v2\/users\/1"}],"replies":[{"embeddable":true,"href":"https:\/\/energypointmva.mx\/index.php\/wp-json\/wp\/v2\/comments?post=40"}],"version-history":[{"count":34,"href":"https:\/\/energypointmva.mx\/index.php\/wp-json\/wp\/v2\/pages\/40\/revisions"}],"predecessor-version":[{"id":329,"href":"https:\/\/energypointmva.mx\/index.php\/wp-json\/wp\/v2\/pages\/40\/revisions\/329"}],"wp:attachment":[{"href":"https:\/\/energypointmva.mx\/index.php\/wp-json\/wp\/v2\/media?parent=40"}],"curies":[{"name":"wp","href":"https:\/\/api.w.org\/{rel}","templated":true}]}}