{"id":266,"date":"2024-04-09T00:04:32","date_gmt":"2024-04-09T00:04:32","guid":{"rendered":"https:\/\/energypointmva.mx\/?page_id=266"},"modified":"2024-08-02T22:28:46","modified_gmt":"2024-08-02T22:28:46","slug":"instalaciones","status":"publish","type":"page","link":"https:\/\/energypointmva.mx\/index.php\/instalaciones\/","title":{"rendered":"Instalaciones"},"content":{"rendered":"\n<div style=\"height:21px\" aria-hidden=\"true\" class=\"wp-block-spacer\"><\/div>\n\n\n\n<h4 class=\"wp-block-heading alignwide has-text-align-center\">Desde proyectos residenciales, hasta mega instalaciones, nosotros nos adaptamos a lo que necesites.<\/h4>\n\n\n\n<div style=\"height:20px\" aria-hidden=\"true\" class=\"wp-block-spacer\"><\/div>\n\n\n\n<figure class=\"wp-block-gallery alignwide has-nested-images columns-default is-cropped wp-block-gallery-1 is-layout-flex wp-block-gallery-is-layout-flex\">\n<figure class=\"wp-block-image size-large\"><img loading=\"lazy\" decoding=\"async\" width=\"774\" height=\"581\" data-id=\"371\" src=\"https:\/\/energypointmva.mx\/wp-content\/uploads\/2024\/05\/screen_ecbc2916034286fb_1700344328127-edited.jpg\" alt=\"\" class=\"wp-image-371\" srcset=\"https:\/\/energypointmva.mx\/wp-content\/uploads\/2024\/05\/screen_ecbc2916034286fb_1700344328127-edited.jpg 774w, https:\/\/energypointmva.mx\/wp-content\/uploads\/2024\/05\/screen_ecbc2916034286fb_1700344328127-edited-300x225.jpg 300w, https:\/\/energypointmva.mx\/wp-content\/uploads\/2024\/05\/screen_ecbc2916034286fb_1700344328127-edited-768x576.jpg 768w\" sizes=\"auto, (max-width: 774px) 100vw, 774px\" \/><figcaption class=\"wp-element-caption\">Mega Planta AWA &amp; YELOW<\/figcaption><\/figure>\n\n\n\n<figure class=\"wp-block-image size-large\"><img loading=\"lazy\" decoding=\"async\" width=\"1024\" height=\"683\" data-id=\"271\" src=\"https:\/\/energypointmva.mx\/wp-content\/uploads\/2024\/04\/DSC_4668-1-1024x683.jpg\" alt=\"\" class=\"wp-image-271\" srcset=\"https:\/\/energypointmva.mx\/wp-content\/uploads\/2024\/04\/DSC_4668-1-1024x683.jpg 1024w, https:\/\/energypointmva.mx\/wp-content\/uploads\/2024\/04\/DSC_4668-1-300x200.jpg 300w, https:\/\/energypointmva.mx\/wp-content\/uploads\/2024\/04\/DSC_4668-1-768x512.jpg 768w, https:\/\/energypointmva.mx\/wp-content\/uploads\/2024\/04\/DSC_4668-1-1536x1024.jpg 1536w, https:\/\/energypointmva.mx\/wp-content\/uploads\/2024\/04\/DSC_4668-1-2048x1365.jpg 2048w, https:\/\/energypointmva.mx\/wp-content\/uploads\/2024\/04\/DSC_4668-1-360x240.jpg 360w\" sizes=\"auto, (max-width: 1024px) 100vw, 1024px\" \/><figcaption class=\"wp-element-caption\">Hotel Comfort Inn<\/figcaption><\/figure>\n<\/figure>\n\n\n\n<div style=\"height:20px\" aria-hidden=\"true\" class=\"wp-block-spacer\"><\/div>\n\n\n\n<figure class=\"wp-block-gallery alignfull has-nested-images columns-default is-cropped wp-block-gallery-2 is-layout-flex wp-block-gallery-is-layout-flex\">\n<figure class=\"wp-block-image size-large\"><img loading=\"lazy\" decoding=\"async\" width=\"1024\" height=\"768\" data-id=\"277\" src=\"https:\/\/energypointmva.mx\/wp-content\/uploads\/2024\/04\/magic-1-1024x768.jpg\" alt=\"\" class=\"wp-image-277\" srcset=\"https:\/\/energypointmva.mx\/wp-content\/uploads\/2024\/04\/magic-1-1024x768.jpg 1024w, https:\/\/energypointmva.mx\/wp-content\/uploads\/2024\/04\/magic-1-300x225.jpg 300w, https:\/\/energypointmva.mx\/wp-content\/uploads\/2024\/04\/magic-1-768x576.jpg 768w, https:\/\/energypointmva.mx\/wp-content\/uploads\/2024\/04\/magic-1.jpg 1156w\" sizes=\"auto, (max-width: 1024px) 100vw, 1024px\" \/><figcaption class=\"wp-element-caption\">Magic Bowl<\/figcaption><\/figure>\n\n\n\n<figure class=\"wp-block-image size-large\"><img loading=\"lazy\" decoding=\"async\" width=\"1024\" height=\"768\" data-id=\"36\" src=\"https:\/\/energypointmva.mx\/wp-content\/uploads\/2024\/03\/WhatsApp-Image-2023-11-10-at-1.26.39-PM-1024x768.jpg\" alt=\"\" class=\"wp-image-36\" srcset=\"https:\/\/energypointmva.mx\/wp-content\/uploads\/2024\/03\/WhatsApp-Image-2023-11-10-at-1.26.39-PM-1024x768.jpg 1024w, https:\/\/energypointmva.mx\/wp-content\/uploads\/2024\/03\/WhatsApp-Image-2023-11-10-at-1.26.39-PM-300x225.jpg 300w, https:\/\/energypointmva.mx\/wp-content\/uploads\/2024\/03\/WhatsApp-Image-2023-11-10-at-1.26.39-PM-768x576.jpg 768w, https:\/\/energypointmva.mx\/wp-content\/uploads\/2024\/03\/WhatsApp-Image-2023-11-10-at-1.26.39-PM.jpg 1280w\" sizes=\"auto, (max-width: 1024px) 100vw, 1024px\" \/><figcaption class=\"wp-element-caption\">Aeropuerto AWA &amp; YELOW<\/figcaption><\/figure>\n\n\n\n<figure class=\"wp-block-image size-large\"><img loading=\"lazy\" decoding=\"async\" width=\"1024\" height=\"576\" data-id=\"428\" src=\"https:\/\/energypointmva.mx\/wp-content\/uploads\/2024\/08\/dji_fly_20240605_121022_0039_1717607720764_photo-1024x576.jpg\" alt=\"\" class=\"wp-image-428\" srcset=\"https:\/\/energypointmva.mx\/wp-content\/uploads\/2024\/08\/dji_fly_20240605_121022_0039_1717607720764_photo-1024x576.jpg 1024w, https:\/\/energypointmva.mx\/wp-content\/uploads\/2024\/08\/dji_fly_20240605_121022_0039_1717607720764_photo-300x169.jpg 300w, https:\/\/energypointmva.mx\/wp-content\/uploads\/2024\/08\/dji_fly_20240605_121022_0039_1717607720764_photo-768x432.jpg 768w, https:\/\/energypointmva.mx\/wp-content\/uploads\/2024\/08\/dji_fly_20240605_121022_0039_1717607720764_photo-1536x864.jpg 1536w, https:\/\/energypointmva.mx\/wp-content\/uploads\/2024\/08\/dji_fly_20240605_121022_0039_1717607720764_photo-2048x1152.jpg 2048w\" sizes=\"auto, (max-width: 1024px) 100vw, 1024px\" \/><figcaption class=\"wp-element-caption\"> Oficinas del Church Monclova<\/figcaption><\/figure>\n<\/figure>\n\n\n\n<div style=\"height:20px\" aria-hidden=\"true\" class=\"wp-block-spacer\"><\/div>\n\n\n\n<figure class=\"wp-block-gallery has-nested-images columns-default is-cropped wp-block-gallery-3 is-layout-flex wp-block-gallery-is-layout-flex\"><div class=\"wp-block-image\">\n<figure class=\"aligncenter size-large\"><img loading=\"lazy\" decoding=\"async\" width=\"1120\" height=\"630\" data-id=\"380\" src=\"https:\/\/energypointmva.mx\/wp-content\/uploads\/2024\/07\/cimari-1-edited.png\" alt=\"\" class=\"wp-image-380\" srcset=\"https:\/\/energypointmva.mx\/wp-content\/uploads\/2024\/07\/cimari-1-edited.png 1120w, https:\/\/energypointmva.mx\/wp-content\/uploads\/2024\/07\/cimari-1-edited-300x169.png 300w, https:\/\/energypointmva.mx\/wp-content\/uploads\/2024\/07\/cimari-1-edited-1024x576.png 1024w, https:\/\/energypointmva.mx\/wp-content\/uploads\/2024\/07\/cimari-1-edited-768x432.png 768w\" sizes=\"auto, (max-width: 1120px) 100vw, 1120px\" \/><figcaption class=\"wp-element-caption\">Planta CIMARI<\/figcaption><\/figure>\n<\/div><\/figure>\n\n\n\n<div style=\"height:20px\" aria-hidden=\"true\" class=\"wp-block-spacer\"><\/div>\n\n\n\n<div class=\"wp-block-columns alignfull are-vertically-aligned-center is-layout-flex wp-container-core-columns-is-layout-28f84493 wp-block-columns-is-layout-flex\">\n<div class=\"wp-block-column is-layout-flow wp-block-column-is-layout-flow\" style=\"flex-basis:25%\">\n<figure class=\"wp-block-gallery has-nested-images columns-default is-cropped wp-block-gallery-4 is-layout-flex wp-block-gallery-is-layout-flex\">\n<figure class=\"wp-block-image size-large\"><img loading=\"lazy\" decoding=\"async\" width=\"683\" height=\"1024\" data-id=\"405\" src=\"https:\/\/energypointmva.mx\/wp-content\/uploads\/2024\/07\/DJI_20240613143322_0017_D-edited-2-683x1024.jpg\" alt=\"\" class=\"wp-image-405\" srcset=\"https:\/\/energypointmva.mx\/wp-content\/uploads\/2024\/07\/DJI_20240613143322_0017_D-edited-2-683x1024.jpg 683w, https:\/\/energypointmva.mx\/wp-content\/uploads\/2024\/07\/DJI_20240613143322_0017_D-edited-2-200x300.jpg 200w, https:\/\/energypointmva.mx\/wp-content\/uploads\/2024\/07\/DJI_20240613143322_0017_D-edited-2-768x1152.jpg 768w, https:\/\/energypointmva.mx\/wp-content\/uploads\/2024\/07\/DJI_20240613143322_0017_D-edited-2-1024x1536.jpg 1024w, https:\/\/energypointmva.mx\/wp-content\/uploads\/2024\/07\/DJI_20240613143322_0017_D-edited-2.jpg 1276w\" sizes=\"auto, (max-width: 683px) 100vw, 683px\" \/><figcaption class=\"wp-element-caption\">Magic Bowl<\/figcaption><\/figure>\n<\/figure>\n<\/div>\n\n\n\n<div class=\"wp-block-column is-layout-flow wp-block-column-is-layout-flow\" style=\"flex-basis:50%\">\n<figure class=\"wp-block-gallery has-nested-images columns-default is-cropped wp-block-gallery-5 is-layout-flex wp-block-gallery-is-layout-flex\">\n<figure class=\"wp-block-image size-large\"><img loading=\"lazy\" decoding=\"async\" width=\"1024\" height=\"768\" data-id=\"402\" src=\"https:\/\/energypointmva.mx\/wp-content\/uploads\/2024\/07\/DJI_20240613143443_0022_D1-2-edited-1024x768.jpg\" alt=\"\" class=\"wp-image-402\" srcset=\"https:\/\/energypointmva.mx\/wp-content\/uploads\/2024\/07\/DJI_20240613143443_0022_D1-2-edited-1024x768.jpg 1024w, https:\/\/energypointmva.mx\/wp-content\/uploads\/2024\/07\/DJI_20240613143443_0022_D1-2-edited-300x225.jpg 300w, https:\/\/energypointmva.mx\/wp-content\/uploads\/2024\/07\/DJI_20240613143443_0022_D1-2-edited-768x576.jpg 768w, https:\/\/energypointmva.mx\/wp-content\/uploads\/2024\/07\/DJI_20240613143443_0022_D1-2-edited-1536x1152.jpg 1536w, https:\/\/energypointmva.mx\/wp-content\/uploads\/2024\/07\/DJI_20240613143443_0022_D1-2-edited-2048x1535.jpg 2048w\" sizes=\"auto, (max-width: 1024px) 100vw, 1024px\" \/><figcaption class=\"wp-element-caption\">Suzuki Monclova<\/figcaption><\/figure>\n<\/figure>\n<\/div>\n\n\n\n<div class=\"wp-block-column is-layout-flow wp-block-column-is-layout-flow\" style=\"flex-basis:25%\">\n<figure class=\"wp-block-gallery has-nested-images columns-default is-cropped wp-block-gallery-6 is-layout-flex wp-block-gallery-is-layout-flex\">\n<figure class=\"wp-block-image size-large\"><img loading=\"lazy\" decoding=\"async\" width=\"457\" height=\"686\" data-id=\"409\" src=\"https:\/\/energypointmva.mx\/wp-content\/uploads\/2024\/07\/dji_fly_20240613_140553_0_1718305553137_photo_low_quality-edited-2.jpg\" alt=\"\" class=\"wp-image-409\" srcset=\"https:\/\/energypointmva.mx\/wp-content\/uploads\/2024\/07\/dji_fly_20240613_140553_0_1718305553137_photo_low_quality-edited-2.jpg 457w, https:\/\/energypointmva.mx\/wp-content\/uploads\/2024\/07\/dji_fly_20240613_140553_0_1718305553137_photo_low_quality-edited-2-200x300.jpg 200w\" sizes=\"auto, (max-width: 457px) 100vw, 457px\" \/><figcaption class=\"wp-element-caption\">Hotel Las Misiones<\/figcaption><\/figure>\n<\/figure>\n<\/div>\n<\/div>\n\n\n\n<div style=\"height:20px\" aria-hidden=\"true\" class=\"wp-block-spacer\"><\/div>\n\n\n\n<div class=\"wp-block-columns alignfull is-layout-flex wp-container-core-columns-is-layout-28f84493 wp-block-columns-is-layout-flex\">\n<div class=\"wp-block-column is-layout-flow wp-block-column-is-layout-flow\">\n<figure class=\"wp-block-gallery has-nested-images columns-default is-cropped wp-block-gallery-7 is-layout-flex wp-block-gallery-is-layout-flex\">\n<figure class=\"wp-block-image size-large\"><img loading=\"lazy\" decoding=\"async\" width=\"1024\" height=\"576\" data-id=\"435\" src=\"https:\/\/energypointmva.mx\/wp-content\/uploads\/2024\/08\/dji_fly_20240704_163826_0044_1720808733667_photo-1-1024x576.jpg\" alt=\"\" class=\"wp-image-435\" srcset=\"https:\/\/energypointmva.mx\/wp-content\/uploads\/2024\/08\/dji_fly_20240704_163826_0044_1720808733667_photo-1-1024x576.jpg 1024w, https:\/\/energypointmva.mx\/wp-content\/uploads\/2024\/08\/dji_fly_20240704_163826_0044_1720808733667_photo-1-300x169.jpg 300w, https:\/\/energypointmva.mx\/wp-content\/uploads\/2024\/08\/dji_fly_20240704_163826_0044_1720808733667_photo-1-768x432.jpg 768w, https:\/\/energypointmva.mx\/wp-content\/uploads\/2024\/08\/dji_fly_20240704_163826_0044_1720808733667_photo-1-1536x864.jpg 1536w, https:\/\/energypointmva.mx\/wp-content\/uploads\/2024\/08\/dji_fly_20240704_163826_0044_1720808733667_photo-1-2048x1152.jpg 2048w\" sizes=\"auto, (max-width: 1024px) 100vw, 1024px\" \/><\/figure>\n<\/figure>\n<\/div>\n\n\n\n<div class=\"wp-block-column is-layout-flow wp-block-column-is-layout-flow\">\n<figure class=\"wp-block-gallery has-nested-images columns-default is-cropped wp-block-gallery-8 is-layout-flex wp-block-gallery-is-layout-flex\">\n<figure class=\"wp-block-image size-large\"><img loading=\"lazy\" decoding=\"async\" width=\"1024\" height=\"576\" data-id=\"417\" src=\"https:\/\/energypointmva.mx\/wp-content\/uploads\/2024\/07\/WhatsApp-Image-2021-01-27-at-5.02.14-PM-edited-1024x576.png\" alt=\"\" class=\"wp-image-417\" srcset=\"https:\/\/energypointmva.mx\/wp-content\/uploads\/2024\/07\/WhatsApp-Image-2021-01-27-at-5.02.14-PM-edited-1024x576.png 1024w, https:\/\/energypointmva.mx\/wp-content\/uploads\/2024\/07\/WhatsApp-Image-2021-01-27-at-5.02.14-PM-edited-300x169.png 300w, https:\/\/energypointmva.mx\/wp-content\/uploads\/2024\/07\/WhatsApp-Image-2021-01-27-at-5.02.14-PM-edited-768x432.png 768w, https:\/\/energypointmva.mx\/wp-content\/uploads\/2024\/07\/WhatsApp-Image-2021-01-27-at-5.02.14-PM-edited.png 1040w\" sizes=\"auto, (max-width: 1024px) 100vw, 1024px\" \/><figcaption class=\"wp-element-caption\">Instalaci\u00f3n residencial<\/figcaption><\/figure>\n<\/figure>\n<\/div>\n<\/div>\n\n\n\n<div style=\"height:20px\" aria-hidden=\"true\" class=\"wp-block-spacer\"><\/div>\n\n\n\n<p class=\"has-text-align-center\">Tu como ellos, comienza a ahorrar con Energ\u00eda Solar&#8230;<\/p>\n\n\n\n<div style=\"height:20px\" aria-hidden=\"true\" class=\"wp-block-spacer\"><\/div>\n\n\n\n<div class=\"wp-block-cover alignfull\"><span aria-hidden=\"true\" class=\"wp-block-cover__background has-black-background-color has-background-dim-60 has-background-dim\"><\/span><video class=\"wp-block-cover__video-background intrinsic-ignore\" autoplay muted loop playsinline src=\"https:\/\/energypointmva.mx\/wp-content\/uploads\/2024\/04\/SUZUKI-render-1.mp4\" data-object-fit=\"cover\"><\/video><div class=\"wp-block-cover__inner-container is-layout-constrained wp-block-cover-is-layout-constrained\">\n<p class=\"has-text-align-center has-white-color has-text-color has-link-color wp-elements-9e0ba9b3d99e4deee623a536a7eaf398\" style=\"font-size:60px\">Dise\u00f1amos tu proyecto<\/p>\n<\/div><\/div>\n\n\n\n<div style=\"height:20px\" aria-hidden=\"true\" class=\"wp-block-spacer\"><\/div>\n\n\n\n<div class=\"wp-block-media-text alignwide has-media-on-the-right is-stacked-on-mobile\" style=\"grid-template-columns:auto 62%\"><div class=\"wp-block-media-text__content\">\n<p>Queremos que est\u00e9s completamente seguro de tu instalaci\u00f3n, por eso te presentamos un dise\u00f1o previo.<\/p>\n<\/div><figure class=\"wp-block-media-text__media\"><video controls src=\"https:\/\/energypointmva.mx\/wp-content\/uploads\/2024\/04\/churchs_1.mp4\"><\/video><\/figure><\/div>\n\n\n\n<div style=\"height:100px\" aria-hidden=\"true\" class=\"wp-block-spacer\"><\/div>\n","protected":false},"excerpt":{"rendered":"<p>Desde proyectos residenciales, hasta mega instalaciones, nosotros nos adaptamos a lo que necesites. Tu como ellos, comienza a ahorrar con Energ\u00eda Solar&#8230; Queremos que est\u00e9s completamente seguro de tu instalaci\u00f3n, por eso te presentamos un dise\u00f1o previo.<\/p>\n","protected":false},"author":1,"featured_media":0,"parent":0,"menu_order":0,"comment_status":"closed","ping_status":"closed","template":"","meta":{"footnotes":""},"class_list":["post-266","page","type-page","status-publish","hentry"],"_links":{"self":[{"href":"https:\/\/energypointmva.mx\/index.php\/wp-json\/wp\/v2\/pages\/266","targetHints":{"allow":["GET"]}}],"collection":[{"href":"https:\/\/energypointmva.mx\/index.php\/wp-json\/wp\/v2\/pages"}],"about":[{"href":"https:\/\/energypointmva.mx\/index.php\/wp-json\/wp\/v2\/types\/page"}],"author":[{"embeddable":true,"href":"https:\/\/energypointmva.mx\/index.php\/wp-json\/wp\/v2\/users\/1"}],"replies":[{"embeddable":true,"href":"https:\/\/energypointmva.mx\/index.php\/wp-json\/wp\/v2\/comments?post=266"}],"version-history":[{"count":33,"href":"https:\/\/energypointmva.mx\/index.php\/wp-json\/wp\/v2\/pages\/266\/revisions"}],"predecessor-version":[{"id":436,"href":"https:\/\/energypointmva.mx\/index.php\/wp-json\/wp\/v2\/pages\/266\/revisions\/436"}],"wp:attachment":[{"href":"https:\/\/energypointmva.mx\/index.php\/wp-json\/wp\/v2\/media?parent=266"}],"curies":[{"name":"wp","href":"https:\/\/api.w.org\/{rel}","templated":true}]}}